{"id":1750,"date":"2024-11-22T16:00:49","date_gmt":"2024-11-22T16:00:49","guid":{"rendered":"https:\/\/gimenezymataabogados.es\/?page_id=1750"},"modified":"2024-11-26T10:19:11","modified_gmt":"2024-11-26T10:19:11","slug":"sitemap","status":"publish","type":"page","link":"https:\/\/gimenezymataabogados.es\/en\/sitemap\/","title":{"rendered":"Sitemap"},"content":{"rendered":"<p><a href=\"https:\/\/gimenezymataabogados.es\/en\/\">Inicio<\/a><\/p>\n\n\n\n<p><a href=\"https:\/\/gimenezymataabogados.es\/en\/practice-area\/\">\u00c1reas de pr\u00e1ctica<\/a><\/p>\n\n\n\n<p><a href=\"https:\/\/gimenezymataabogados.es\/en\/faq\/\">Blog<\/a><\/p>\n\n\n\n<p><a href=\"https:\/\/gimenezymataabogados.es\/en\/contact\/\">Contacto<\/a><\/p>\n\n\n\n<p><a href=\"https:\/\/gimenezymataabogados.es\/en\/solicitar-cita\/\">Solicitar Cita<\/a><\/p>\n\n\n\n<p><a href=\"https:\/\/gimenezymataabogados.es\/en\/terminos-y-condiciones\/\" target=\"_blank\" rel=\"noreferrer noopener\">T\u00e9rminos y Condiciones<\/a><\/p>\n\n\n\n<p><a href=\"https:\/\/gimenezymataabogados.es\/en\/about\/\">Qui\u00e9nes somos<\/a><\/p>\n\n\n\n<p><a href=\"https:\/\/gimenezymataabogados.es\/en\/politica-de-privacidad\/\" target=\"_blank\" rel=\"noreferrer noopener\">Pol\u00edtica de Privacidad<\/a><\/p>\n\n\n\n<p><a href=\"https:\/\/gimenezymataabogados.es\/en\/politica-de-cookies\/\" target=\"_blank\" rel=\"noreferrer noopener\">Pol\u00edtica de Cookies<\/a><\/p>\n\n\n\n<p><a href=\"https:\/\/gimenezymataabogados.es\/en\/aviso-legal\/\" target=\"_blank\" rel=\"noreferrer noopener\">Aviso Legal<\/a><\/p>\n\n\n\n<p><a href=\"https:\/\/gimenezymataabogados.es\/en\/accesibilidad\/\" target=\"_blank\" rel=\"noreferrer noopener\">Accesibilidad<\/a><\/p>\n\n\n\n<p><a href=\"https:\/\/gimenezymataabogados.es\/en\/sitemap\/\" target=\"_blank\" rel=\"noreferrer noopener\">Sitemap<\/a><\/p>\n\n\n\n<p><\/p>","protected":false},"excerpt":{"rendered":"<p>Inicio \u00c1reas de pr\u00e1ctica Blog Contacto Solicitar Cita T\u00e9rminos y Condiciones Qui\u00e9nes somos Pol\u00edtica de Privacidad Pol\u00edtica de Cookies Aviso Legal Accesibilidad Sitemap<\/p>","protected":false},"author":1,"featured_media":0,"parent":0,"menu_order":0,"comment_status":"closed","ping_status":"closed","template":"","meta":{"site-sidebar-layout":"default","site-content-layout":"","ast-site-content-layout":"default","site-content-style":"default","site-sidebar-style":"default","ast-global-header-display":"","ast-banner-title-visibility":"","ast-main-header-display":"","ast-hfb-above-header-display":"","ast-hfb-below-header-display":"","ast-hfb-mobile-header-display":"","site-post-title":"","ast-breadcrumbs-content":"","ast-featured-img":"","footer-sml-layout":"","ast-disable-related-posts":"","theme-transparent-header-meta":"","adv-header-id-meta":"","stick-header-meta":"","header-above-stick-meta":"","header-main-stick-meta":"","header-below-stick-meta":"","astra-migrate-meta-layouts":"set","ast-page-background-enabled":"default","ast-page-background-meta":{"desktop":{"background-color":"","background-image":"","background-repeat":"repeat","background-position":"center center","background-size":"auto","background-attachment":"scroll","background-type":"","background-media":"","overlay-type":"","overlay-color":"","overlay-opacity":"","overlay-gradient":""},"tablet":{"background-color":"","background-image":"","background-repeat":"repeat","background-position":"center center","background-size":"auto","background-attachment":"scroll","background-type":"","background-media":"","overlay-type":"","overlay-color":"","overlay-opacity":"","overlay-gradient":""},"mobile":{"background-color":"","background-image":"","background-repeat":"repeat","background-position":"center center","background-size":"auto","background-attachment":"scroll","background-type":"","background-media":"","overlay-type":"","overlay-color":"","overlay-opacity":"","overlay-gradient":""}},"ast-content-background-meta":{"desktop":{"background-color":"var(--ast-global-color-5)","background-image":"","background-repeat":"repeat","background-position":"center center","background-size":"auto","background-attachment":"scroll","background-type":"","background-media":"","overlay-type":"","overlay-color":"","overlay-opacity":"","overlay-gradient":""},"tablet":{"background-color":"var(--ast-global-color-5)","background-image":"","background-repeat":"repeat","background-position":"center center","background-size":"auto","background-attachment":"scroll","background-type":"","background-media":"","overlay-type":"","overlay-color":"","overlay-opacity":"","overlay-gradient":""},"mobile":{"background-color":"var(--ast-global-color-5)","background-image":"","background-repeat":"repeat","background-position":"center center","background-size":"auto","background-attachment":"scroll","background-type":"","background-media":"","overlay-type":"","overlay-color":"","overlay-opacity":"","overlay-gradient":""}},"footnotes":""},"class_list":["post-1750","page","type-page","status-publish","hentry"],"yoast_head":"<!-- This site is optimized with the Yoast SEO plugin v23.9 - https:\/\/yoast.com\/wordpress\/plugins\/seo\/ -->\n<title>Sitemap -<\/title>\n<meta name=\"robots\" content=\"index, follow, max-snippet:-1, max-image-preview:large, max-video-preview:-1\" \/>\n<link rel=\"canonical\" href=\"https:\/\/gimenezymataabogados.es\/en\/sitemap\/\" \/>\n<meta property=\"og:locale\" content=\"en_US\" \/>\n<meta property=\"og:type\" content=\"article\" \/>\n<meta property=\"og:title\" content=\"Sitemap -\" \/>\n<meta property=\"og:description\" content=\"Inicio \u00c1reas de pr\u00e1ctica Blog Contacto Solicitar Cita T\u00e9rminos y Condiciones Qui\u00e9nes somos Pol\u00edtica de Privacidad Pol\u00edtica de Cookies Aviso Legal Accesibilidad Sitemap\" \/>\n<meta property=\"og:url\" content=\"https:\/\/gimenezymataabogados.es\/en\/sitemap\/\" \/>\n<meta property=\"article:modified_time\" content=\"2024-11-26T10:19:11+00:00\" \/>\n<meta name=\"twitter:card\" content=\"summary_large_image\" \/>\n<meta name=\"twitter:label1\" content=\"Est. reading time\" \/>\n\t<meta name=\"twitter:data1\" content=\"1 minute\" \/>\n<script type=\"application\/ld+json\" class=\"yoast-schema-graph\">{\"@context\":\"https:\/\/schema.org\",\"@graph\":[{\"@type\":\"WebPage\",\"@id\":\"https:\/\/gimenezymataabogados.es\/sitemap\/\",\"url\":\"https:\/\/gimenezymataabogados.es\/sitemap\/\",\"name\":\"Sitemap -\",\"isPartOf\":{\"@id\":\"https:\/\/gimenezymataabogados.es\/#website\"},\"datePublished\":\"2024-11-22T16:00:49+00:00\",\"dateModified\":\"2024-11-26T10:19:11+00:00\",\"breadcrumb\":{\"@id\":\"https:\/\/gimenezymataabogados.es\/sitemap\/#breadcrumb\"},\"inLanguage\":\"en-US\",\"potentialAction\":[{\"@type\":\"ReadAction\",\"target\":[\"https:\/\/gimenezymataabogados.es\/sitemap\/\"]}]},{\"@type\":\"BreadcrumbList\",\"@id\":\"https:\/\/gimenezymataabogados.es\/sitemap\/#breadcrumb\",\"itemListElement\":[{\"@type\":\"ListItem\",\"position\":1,\"name\":\"Home\",\"item\":\"https:\/\/gimenezymataabogados.es\/\"},{\"@type\":\"ListItem\",\"position\":2,\"name\":\"Sitemap\"}]},{\"@type\":\"WebSite\",\"@id\":\"https:\/\/gimenezymataabogados.es\/#website\",\"url\":\"https:\/\/gimenezymataabogados.es\/\",\"name\":\"Gimenez y Mata Abogados\",\"description\":\"\",\"publisher\":{\"@id\":\"https:\/\/gimenezymataabogados.es\/#\/schema\/person\/20b2134e155d066dcd721e88581d4232\"},\"potentialAction\":[{\"@type\":\"SearchAction\",\"target\":{\"@type\":\"EntryPoint\",\"urlTemplate\":\"https:\/\/gimenezymataabogados.es\/?s={search_term_string}\"},\"query-input\":{\"@type\":\"PropertyValueSpecification\",\"valueRequired\":true,\"valueName\":\"search_term_string\"}}],\"inLanguage\":\"en-US\"},{\"@type\":[\"Person\",\"Organization\"],\"@id\":\"https:\/\/gimenezymataabogados.es\/#\/schema\/person\/20b2134e155d066dcd721e88581d4232\",\"name\":\"patricarollegal@gmail.com\",\"image\":{\"@type\":\"ImageObject\",\"inLanguage\":\"en-US\",\"@id\":\"https:\/\/gimenezymataabogados.es\/#\/schema\/person\/image\/\",\"url\":\"https:\/\/gimenezymataabogados.es\/wp-content\/uploads\/2024\/11\/igym.png\",\"contentUrl\":\"https:\/\/gimenezymataabogados.es\/wp-content\/uploads\/2024\/11\/igym.png\",\"width\":960,\"height\":722,\"caption\":\"patricarollegal@gmail.com\"},\"logo\":{\"@id\":\"https:\/\/gimenezymataabogados.es\/#\/schema\/person\/image\/\"},\"sameAs\":[\"https:\/\/gimenezymataabogados.es\"]}]}<\/script>\n<!-- \/ Yoast SEO plugin. -->","yoast_head_json":{"title":"Sitemap -","robots":{"index":"index","follow":"follow","max-snippet":"max-snippet:-1","max-image-preview":"max-image-preview:large","max-video-preview":"max-video-preview:-1"},"canonical":"https:\/\/gimenezymataabogados.es\/en\/sitemap\/","og_locale":"en_US","og_type":"article","og_title":"Sitemap -","og_description":"Inicio \u00c1reas de pr\u00e1ctica Blog Contacto Solicitar Cita T\u00e9rminos y Condiciones Qui\u00e9nes somos Pol\u00edtica de Privacidad Pol\u00edtica de Cookies Aviso Legal Accesibilidad Sitemap","og_url":"https:\/\/gimenezymataabogados.es\/en\/sitemap\/","article_modified_time":"2024-11-26T10:19:11+00:00","twitter_card":"summary_large_image","twitter_misc":{"Est. reading time":"1 minute"},"schema":{"@context":"https:\/\/schema.org","@graph":[{"@type":"WebPage","@id":"https:\/\/gimenezymataabogados.es\/sitemap\/","url":"https:\/\/gimenezymataabogados.es\/sitemap\/","name":"Sitemap -","isPartOf":{"@id":"https:\/\/gimenezymataabogados.es\/#website"},"datePublished":"2024-11-22T16:00:49+00:00","dateModified":"2024-11-26T10:19:11+00:00","breadcrumb":{"@id":"https:\/\/gimenezymataabogados.es\/sitemap\/#breadcrumb"},"inLanguage":"en-US","potentialAction":[{"@type":"ReadAction","target":["https:\/\/gimenezymataabogados.es\/sitemap\/"]}]},{"@type":"BreadcrumbList","@id":"https:\/\/gimenezymataabogados.es\/sitemap\/#breadcrumb","itemListElement":[{"@type":"ListItem","position":1,"name":"Home","item":"https:\/\/gimenezymataabogados.es\/"},{"@type":"ListItem","position":2,"name":"Sitemap"}]},{"@type":"WebSite","@id":"https:\/\/gimenezymataabogados.es\/#website","url":"https:\/\/gimenezymataabogados.es\/","name":"Gimenez y Mata Abogados","description":"","publisher":{"@id":"https:\/\/gimenezymataabogados.es\/#\/schema\/person\/20b2134e155d066dcd721e88581d4232"},"potentialAction":[{"@type":"SearchAction","target":{"@type":"EntryPoint","urlTemplate":"https:\/\/gimenezymataabogados.es\/?s={search_term_string}"},"query-input":{"@type":"PropertyValueSpecification","valueRequired":true,"valueName":"search_term_string"}}],"inLanguage":"en-US"},{"@type":["Person","Organization"],"@id":"https:\/\/gimenezymataabogados.es\/#\/schema\/person\/20b2134e155d066dcd721e88581d4232","name":"patricarollegal@gmail.com","image":{"@type":"ImageObject","inLanguage":"en-US","@id":"https:\/\/gimenezymataabogados.es\/#\/schema\/person\/image\/","url":"https:\/\/gimenezymataabogados.es\/wp-content\/uploads\/2024\/11\/igym.png","contentUrl":"https:\/\/gimenezymataabogados.es\/wp-content\/uploads\/2024\/11\/igym.png","width":960,"height":722,"caption":"patricarollegal@gmail.com"},"logo":{"@id":"https:\/\/gimenezymataabogados.es\/#\/schema\/person\/image\/"},"sameAs":["https:\/\/gimenezymataabogados.es"]}]}},"_links":{"self":[{"href":"https:\/\/gimenezymataabogados.es\/en\/wp-json\/wp\/v2\/pages\/1750","targetHints":{"allow":["GET"]}}],"collection":[{"href":"https:\/\/gimenezymataabogados.es\/en\/wp-json\/wp\/v2\/pages"}],"about":[{"href":"https:\/\/gimenezymataabogados.es\/en\/wp-json\/wp\/v2\/types\/page"}],"author":[{"embeddable":true,"href":"https:\/\/gimenezymataabogados.es\/en\/wp-json\/wp\/v2\/users\/1"}],"replies":[{"embeddable":true,"href":"https:\/\/gimenezymataabogados.es\/en\/wp-json\/wp\/v2\/comments?post=1750"}],"version-history":[{"count":2,"href":"https:\/\/gimenezymataabogados.es\/en\/wp-json\/wp\/v2\/pages\/1750\/revisions"}],"predecessor-version":[{"id":1907,"href":"https:\/\/gimenezymataabogados.es\/en\/wp-json\/wp\/v2\/pages\/1750\/revisions\/1907"}],"wp:attachment":[{"href":"https:\/\/gimenezymataabogados.es\/en\/wp-json\/wp\/v2\/media?parent=1750"}],"curies":[{"name":"wp","href":"https:\/\/api.w.org\/{rel}","templated":true}]}}