{"id":1748,"date":"2024-11-22T16:00:28","date_gmt":"2024-11-22T16:00:28","guid":{"rendered":"https:\/\/gimenezymataabogados.es\/?page_id=1748"},"modified":"2024-11-26T10:25:44","modified_gmt":"2024-11-26T10:25:44","slug":"accesibilidad","status":"publish","type":"page","link":"https:\/\/gimenezymataabogados.es\/en\/accesibilidad\/","title":{"rendered":"Accesibilidad"},"content":{"rendered":"<h3 class=\"wp-block-heading\">Declaraci\u00f3n de Accesibilidad<\/h3>\n\n\n\n<p>En Gim\u00e9nez y Mata abogados, nos comprometemos a garantizar que nuestro sitio web sea accesible para todas las personas, incluidas aquellas con discapacidades. Hemos tomado medidas concretas para cumplir con las mejores pr\u00e1cticas y est\u00e1ndares de accesibilidad web, asegurando una experiencia inclusiva para todos nuestros usuarios.<\/p>\n\n\n\n<h4 class=\"wp-block-heading\">Medidas adoptadas:<\/h4>\n\n\n\n<ol class=\"wp-block-list\">\n<li><strong>Cumplimiento de est\u00e1ndares:<\/strong> Nuestro sitio web ha sido dise\u00f1ado y desarrollado de acuerdo con las Pautas de Accesibilidad para el Contenido Web (WCAG) 2.1, nivel AA.<\/li>\n\n\n\n<li><strong>Dise\u00f1o accesible:<\/strong> Nos hemos asegurado de que:\n<ul class=\"wp-block-list\">\n<li>Todos los textos sean legibles y tengan un contraste suficiente.<\/li>\n\n\n\n<li>Los contenidos sean navegables mediante teclado y compatibles con lectores de pantalla.<\/li>\n\n\n\n<li>Las im\u00e1genes incluyan textos alternativos (atributos alt) descriptivos.<\/li>\n<\/ul>\n<\/li>\n\n\n\n<li><strong>Navegaci\u00f3n clara y coherente:<\/strong> Hemos estructurado el contenido con encabezados l\u00f3gicos y jer\u00e1rquicos, men\u00fas accesibles y enlaces descriptivos.<\/li>\n\n\n\n<li><strong>Pruebas de accesibilidad:<\/strong> Realizamos revisiones peri\u00f3dicas utilizando herramientas autom\u00e1ticas y manuales, adem\u00e1s de evaluaciones con personas con discapacidades.<\/li>\n<\/ol>\n\n\n\n<p><\/p>","protected":false},"excerpt":{"rendered":"<p>Declaraci\u00f3n de Accesibilidad En Gim\u00e9nez y Mata abogados, nos comprometemos a garantizar que nuestro sitio web sea accesible para todas las personas, incluidas aquellas con discapacidades. Hemos tomado medidas concretas para cumplir con las mejores pr\u00e1cticas y est\u00e1ndares de accesibilidad web, asegurando una experiencia inclusiva para todos nuestros usuarios. Medidas adoptadas:<\/p>","protected":false},"author":1,"featured_media":0,"parent":0,"menu_order":0,"comment_status":"closed","ping_status":"closed","template":"","meta":{"site-sidebar-layout":"default","site-content-layout":"","ast-site-content-layout":"default","site-content-style":"default","site-sidebar-style":"default","ast-global-header-display":"","ast-banner-title-visibility":"","ast-main-header-display":"","ast-hfb-above-header-display":"","ast-hfb-below-header-display":"","ast-hfb-mobile-header-display":"","site-post-title":"","ast-breadcrumbs-content":"","ast-featured-img":"","footer-sml-layout":"","ast-disable-related-posts":"","theme-transparent-header-meta":"","adv-header-id-meta":"","stick-header-meta":"","header-above-stick-meta":"","header-main-stick-meta":"","header-below-stick-meta":"","astra-migrate-meta-layouts":"set","ast-page-background-enabled":"default","ast-page-background-meta":{"desktop":{"background-color":"","background-image":"","background-repeat":"repeat","background-position":"center center","background-size":"auto","background-attachment":"scroll","background-type":"","background-media":"","overlay-type":"","overlay-color":"","overlay-opacity":"","overlay-gradient":""},"tablet":{"background-color":"","background-image":"","background-repeat":"repeat","background-position":"center center","background-size":"auto","background-attachment":"scroll","background-type":"","background-media":"","overlay-type":"","overlay-color":"","overlay-opacity":"","overlay-gradient":""},"mobile":{"background-color":"","background-image":"","background-repeat":"repeat","background-position":"center center","background-size":"auto","background-attachment":"scroll","background-type":"","background-media":"","overlay-type":"","overlay-color":"","overlay-opacity":"","overlay-gradient":""}},"ast-content-background-meta":{"desktop":{"background-color":"var(--ast-global-color-5)","background-image":"","background-repeat":"repeat","background-position":"center center","background-size":"auto","background-attachment":"scroll","background-type":"","background-media":"","overlay-type":"","overlay-color":"","overlay-opacity":"","overlay-gradient":""},"tablet":{"background-color":"var(--ast-global-color-5)","background-image":"","background-repeat":"repeat","background-position":"center center","background-size":"auto","background-attachment":"scroll","background-type":"","background-media":"","overlay-type":"","overlay-color":"","overlay-opacity":"","overlay-gradient":""},"mobile":{"background-color":"var(--ast-global-color-5)","background-image":"","background-repeat":"repeat","background-position":"center center","background-size":"auto","background-attachment":"scroll","background-type":"","background-media":"","overlay-type":"","overlay-color":"","overlay-opacity":"","overlay-gradient":""}},"footnotes":""},"class_list":["post-1748","page","type-page","status-publish","hentry"],"yoast_head":"<!-- This site is optimized with the Yoast SEO plugin v23.9 - https:\/\/yoast.com\/wordpress\/plugins\/seo\/ -->\n<title>Accesibilidad -<\/title>\n<meta name=\"robots\" content=\"index, follow, max-snippet:-1, max-image-preview:large, max-video-preview:-1\" \/>\n<link rel=\"canonical\" href=\"https:\/\/gimenezymataabogados.es\/en\/accesibilidad\/\" \/>\n<meta property=\"og:locale\" content=\"en_US\" \/>\n<meta property=\"og:type\" content=\"article\" \/>\n<meta property=\"og:title\" content=\"Accesibilidad -\" \/>\n<meta property=\"og:description\" content=\"Declaraci\u00f3n de Accesibilidad En Gim\u00e9nez y Mata abogados, nos comprometemos a garantizar que nuestro sitio web sea accesible para todas las personas, incluidas aquellas con discapacidades. Hemos tomado medidas concretas para cumplir con las mejores pr\u00e1cticas y est\u00e1ndares de accesibilidad web, asegurando una experiencia inclusiva para todos nuestros usuarios. Medidas adoptadas:\" \/>\n<meta property=\"og:url\" content=\"https:\/\/gimenezymataabogados.es\/en\/accesibilidad\/\" \/>\n<meta property=\"article:modified_time\" content=\"2024-11-26T10:25:44+00:00\" \/>\n<meta name=\"twitter:card\" content=\"summary_large_image\" \/>\n<meta name=\"twitter:label1\" content=\"Est. reading time\" \/>\n\t<meta name=\"twitter:data1\" content=\"1 minute\" \/>\n<script type=\"application\/ld+json\" class=\"yoast-schema-graph\">{\"@context\":\"https:\/\/schema.org\",\"@graph\":[{\"@type\":\"WebPage\",\"@id\":\"https:\/\/gimenezymataabogados.es\/accesibilidad\/\",\"url\":\"https:\/\/gimenezymataabogados.es\/accesibilidad\/\",\"name\":\"Accesibilidad -\",\"isPartOf\":{\"@id\":\"https:\/\/gimenezymataabogados.es\/#website\"},\"datePublished\":\"2024-11-22T16:00:28+00:00\",\"dateModified\":\"2024-11-26T10:25:44+00:00\",\"breadcrumb\":{\"@id\":\"https:\/\/gimenezymataabogados.es\/accesibilidad\/#breadcrumb\"},\"inLanguage\":\"en-US\",\"potentialAction\":[{\"@type\":\"ReadAction\",\"target\":[\"https:\/\/gimenezymataabogados.es\/accesibilidad\/\"]}]},{\"@type\":\"BreadcrumbList\",\"@id\":\"https:\/\/gimenezymataabogados.es\/accesibilidad\/#breadcrumb\",\"itemListElement\":[{\"@type\":\"ListItem\",\"position\":1,\"name\":\"Home\",\"item\":\"https:\/\/gimenezymataabogados.es\/\"},{\"@type\":\"ListItem\",\"position\":2,\"name\":\"Accesibilidad\"}]},{\"@type\":\"WebSite\",\"@id\":\"https:\/\/gimenezymataabogados.es\/#website\",\"url\":\"https:\/\/gimenezymataabogados.es\/\",\"name\":\"Gimenez y Mata Abogados\",\"description\":\"\",\"publisher\":{\"@id\":\"https:\/\/gimenezymataabogados.es\/#\/schema\/person\/20b2134e155d066dcd721e88581d4232\"},\"potentialAction\":[{\"@type\":\"SearchAction\",\"target\":{\"@type\":\"EntryPoint\",\"urlTemplate\":\"https:\/\/gimenezymataabogados.es\/?s={search_term_string}\"},\"query-input\":{\"@type\":\"PropertyValueSpecification\",\"valueRequired\":true,\"valueName\":\"search_term_string\"}}],\"inLanguage\":\"en-US\"},{\"@type\":[\"Person\",\"Organization\"],\"@id\":\"https:\/\/gimenezymataabogados.es\/#\/schema\/person\/20b2134e155d066dcd721e88581d4232\",\"name\":\"patricarollegal@gmail.com\",\"image\":{\"@type\":\"ImageObject\",\"inLanguage\":\"en-US\",\"@id\":\"https:\/\/gimenezymataabogados.es\/#\/schema\/person\/image\/\",\"url\":\"https:\/\/gimenezymataabogados.es\/wp-content\/uploads\/2024\/11\/igym.png\",\"contentUrl\":\"https:\/\/gimenezymataabogados.es\/wp-content\/uploads\/2024\/11\/igym.png\",\"width\":960,\"height\":722,\"caption\":\"patricarollegal@gmail.com\"},\"logo\":{\"@id\":\"https:\/\/gimenezymataabogados.es\/#\/schema\/person\/image\/\"},\"sameAs\":[\"https:\/\/gimenezymataabogados.es\"]}]}<\/script>\n<!-- \/ Yoast SEO plugin. -->","yoast_head_json":{"title":"Accesibilidad -","robots":{"index":"index","follow":"follow","max-snippet":"max-snippet:-1","max-image-preview":"max-image-preview:large","max-video-preview":"max-video-preview:-1"},"canonical":"https:\/\/gimenezymataabogados.es\/en\/accesibilidad\/","og_locale":"en_US","og_type":"article","og_title":"Accesibilidad -","og_description":"Declaraci\u00f3n de Accesibilidad En Gim\u00e9nez y Mata abogados, nos comprometemos a garantizar que nuestro sitio web sea accesible para todas las personas, incluidas aquellas con discapacidades. Hemos tomado medidas concretas para cumplir con las mejores pr\u00e1cticas y est\u00e1ndares de accesibilidad web, asegurando una experiencia inclusiva para todos nuestros usuarios. Medidas adoptadas:","og_url":"https:\/\/gimenezymataabogados.es\/en\/accesibilidad\/","article_modified_time":"2024-11-26T10:25:44+00:00","twitter_card":"summary_large_image","twitter_misc":{"Est. reading time":"1 minute"},"schema":{"@context":"https:\/\/schema.org","@graph":[{"@type":"WebPage","@id":"https:\/\/gimenezymataabogados.es\/accesibilidad\/","url":"https:\/\/gimenezymataabogados.es\/accesibilidad\/","name":"Accesibilidad -","isPartOf":{"@id":"https:\/\/gimenezymataabogados.es\/#website"},"datePublished":"2024-11-22T16:00:28+00:00","dateModified":"2024-11-26T10:25:44+00:00","breadcrumb":{"@id":"https:\/\/gimenezymataabogados.es\/accesibilidad\/#breadcrumb"},"inLanguage":"en-US","potentialAction":[{"@type":"ReadAction","target":["https:\/\/gimenezymataabogados.es\/accesibilidad\/"]}]},{"@type":"BreadcrumbList","@id":"https:\/\/gimenezymataabogados.es\/accesibilidad\/#breadcrumb","itemListElement":[{"@type":"ListItem","position":1,"name":"Home","item":"https:\/\/gimenezymataabogados.es\/"},{"@type":"ListItem","position":2,"name":"Accesibilidad"}]},{"@type":"WebSite","@id":"https:\/\/gimenezymataabogados.es\/#website","url":"https:\/\/gimenezymataabogados.es\/","name":"Gimenez y Mata Abogados","description":"","publisher":{"@id":"https:\/\/gimenezymataabogados.es\/#\/schema\/person\/20b2134e155d066dcd721e88581d4232"},"potentialAction":[{"@type":"SearchAction","target":{"@type":"EntryPoint","urlTemplate":"https:\/\/gimenezymataabogados.es\/?s={search_term_string}"},"query-input":{"@type":"PropertyValueSpecification","valueRequired":true,"valueName":"search_term_string"}}],"inLanguage":"en-US"},{"@type":["Person","Organization"],"@id":"https:\/\/gimenezymataabogados.es\/#\/schema\/person\/20b2134e155d066dcd721e88581d4232","name":"patricarollegal@gmail.com","image":{"@type":"ImageObject","inLanguage":"en-US","@id":"https:\/\/gimenezymataabogados.es\/#\/schema\/person\/image\/","url":"https:\/\/gimenezymataabogados.es\/wp-content\/uploads\/2024\/11\/igym.png","contentUrl":"https:\/\/gimenezymataabogados.es\/wp-content\/uploads\/2024\/11\/igym.png","width":960,"height":722,"caption":"patricarollegal@gmail.com"},"logo":{"@id":"https:\/\/gimenezymataabogados.es\/#\/schema\/person\/image\/"},"sameAs":["https:\/\/gimenezymataabogados.es"]}]}},"_links":{"self":[{"href":"https:\/\/gimenezymataabogados.es\/en\/wp-json\/wp\/v2\/pages\/1748","targetHints":{"allow":["GET"]}}],"collection":[{"href":"https:\/\/gimenezymataabogados.es\/en\/wp-json\/wp\/v2\/pages"}],"about":[{"href":"https:\/\/gimenezymataabogados.es\/en\/wp-json\/wp\/v2\/types\/page"}],"author":[{"embeddable":true,"href":"https:\/\/gimenezymataabogados.es\/en\/wp-json\/wp\/v2\/users\/1"}],"replies":[{"embeddable":true,"href":"https:\/\/gimenezymataabogados.es\/en\/wp-json\/wp\/v2\/comments?post=1748"}],"version-history":[{"count":3,"href":"https:\/\/gimenezymataabogados.es\/en\/wp-json\/wp\/v2\/pages\/1748\/revisions"}],"predecessor-version":[{"id":1913,"href":"https:\/\/gimenezymataabogados.es\/en\/wp-json\/wp\/v2\/pages\/1748\/revisions\/1913"}],"wp:attachment":[{"href":"https:\/\/gimenezymataabogados.es\/en\/wp-json\/wp\/v2\/media?parent=1748"}],"curies":[{"name":"wp","href":"https:\/\/api.w.org\/{rel}","templated":true}]}}