{"id":1746,"date":"2024-11-22T16:00:06","date_gmt":"2024-11-22T16:00:06","guid":{"rendered":"https:\/\/gimenezymataabogados.es\/?page_id=1746"},"modified":"2024-11-26T10:28:08","modified_gmt":"2024-11-26T10:28:08","slug":"aviso-legal","status":"publish","type":"page","link":"https:\/\/gimenezymataabogados.es\/en\/aviso-legal\/","title":{"rendered":"Aviso Legal"},"content":{"rendered":"<p><\/p>\n\n\n\n<p><strong>\u00a0Actualizaci\u00f3n y precisi\u00f3n del contenido<\/strong><br>En\u00a0<strong>Gim\u00e9nez y Mata Abogados<\/strong>, nos comprometemos a mantener nuestro sitio web actualizado y preciso. Si encuentra informaci\u00f3n incorrecta o desactualizada, le agradecer\u00edamos que nos lo informara. Indique claramente d\u00f3nde encontr\u00f3 la informaci\u00f3n, y la revisaremos lo antes posible. Puede enviarnos su duda por correo electr\u00f3nico a\u00a0<strong>gimenezymata@gmail.com<\/strong><\/p>\n\n\n\n<p><strong>2. Responsabilidad<\/strong><br>No nos hacemos responsables de la p\u00e9rdida de datos o da\u00f1os que puedan derivarse de inexactitudes, incompletitudes o interrupciones en la difusi\u00f3n de la informaci\u00f3n a trav\u00e9s de Internet. Esto incluye problemas inherentes a la transmisi\u00f3n de datos, como disrupciones o interrupciones del servicio. Tambi\u00e9n, aunque tratamos de limitar los campos obligatorios en los formularios web, no asumimos responsabilidad por p\u00e9rdidas derivadas del uso de datos, asesor\u00eda o ideas proporcionadas en este sitio web.<\/p>\n\n\n\n<p><strong>3. Respuestas y solicitudes sobre privacidad<\/strong><br>Cualquier consulta o solicitud de informaci\u00f3n enviada por correo electr\u00f3nico o a trav\u00e9s de un formulario web se tratar\u00e1 de acuerdo con nuestra&nbsp;<strong>Pol\u00edtica de Privacidad<\/strong>. Las respuestas ser\u00e1n entregadas en un plazo m\u00e1ximo de 1 mes, y en casos complejos, informaremos si es necesario un plazo de hasta 3 meses para su resoluci\u00f3n.<\/p>\n\n\n\n<p><strong>4. Uso de datos personales<\/strong><br>Los datos personales proporcionados en sus respuestas o solicitudes de informaci\u00f3n ser\u00e1n tratados \u00fanicamente conforme a nuestra declaraci\u00f3n de privacidad.<\/p>\n\n\n\n<p><strong>5. Seguridad<\/strong><br>En\u00a0Gim\u00e9nez y Mata abogados\u00a0tomamos medidas t\u00e9cnicas y organizativas razonables para proteger nuestros sistemas contra el uso ilegal. Sin embargo, no nos hacemos responsables de los da\u00f1os directos o indirectos sufridos por los usuarios como resultado de un uso indebido de nuestros sistemas por parte de terceros.<\/p>\n\n\n\n<p><strong>6. Enlaces a sitios web de terceros<\/strong><br>No nos hacemos responsables del contenido de las p\u00e1ginas web de terceros que est\u00e9n enlazadas desde nuestro sitio. Los productos o servicios ofrecidos por estos terceros est\u00e1n sujetos a sus propios t\u00e9rminos y condiciones.<\/p>\n\n\n\n<p><strong>7. Accesibilidad<\/strong><br>Nuestros empleados se esfuerzan por garantizar que nuestro sitio web sea accesible y por mejorar su accesibilidad, especialmente para personas que usan software especializado debido a una discapacidad. Este sitio est\u00e1 dise\u00f1ado siguiendo las pautas&nbsp;<strong>WCAG 2.1 nivel AA<\/strong>, que son est\u00e1ndares internacionales de accesibilidad, sostenibilidad, intercambiabilidad y facilidad de b\u00fasqueda en sitios web.<\/p>\n\n\n\n<p><strong>8. Propiedad intelectual<\/strong><br>Todos los derechos de propiedad intelectual sobre el contenido de este sitio web pertenecen a\u00a0Patricia Caro o a terceros que hayan proporcionado contenido con su debida licencia. No est\u00e1 permitido copiar, difundir o utilizar estos materiales sin el permiso escrito de Patricia Caro, salvo en los casos estipulados por la ley, como el derecho a cotizar.<\/p>\n\n\n\n<p><strong>9. Contacto<\/strong><br>Si tiene alguna pregunta o dificultad con la accesibilidad del sitio web, no dude en ponerse en contacto con nosotros:<\/p>\n\n\n\n<ul class=\"wp-block-list\">\n<li>Direcci\u00f3n:\u00a0Calle Col\u00f3n 4, piso 3. 46004, Valencia, Espa\u00f1a<\/li>\n\n\n\n<li>Correo electr\u00f3nico:\u00a0gimenezymata@gmail.com<\/li>\n\n\n\n<li>Tel\u00e9fono:\u00a0+34 722630432<\/li>\n<\/ul>\n\n\n\n<p><\/p>","protected":false},"excerpt":{"rendered":"<p>\u00a0Actualizaci\u00f3n y precisi\u00f3n del contenidoEn\u00a0Gim\u00e9nez y Mata Abogados, nos comprometemos a mantener nuestro sitio web actualizado y preciso. Si encuentra informaci\u00f3n incorrecta o desactualizada, le agradecer\u00edamos que nos lo informara. Indique claramente d\u00f3nde encontr\u00f3 la informaci\u00f3n, y la revisaremos lo antes posible. Puede enviarnos su duda por correo electr\u00f3nico a\u00a0gimenezymata@gmail.com 2. ResponsabilidadNo nos hacemos responsables [&hellip;]<\/p>\n","protected":false},"author":1,"featured_media":0,"parent":0,"menu_order":0,"comment_status":"closed","ping_status":"closed","template":"","meta":{"site-sidebar-layout":"default","site-content-layout":"","ast-site-content-layout":"default","site-content-style":"default","site-sidebar-style":"default","ast-global-header-display":"","ast-banner-title-visibility":"","ast-main-header-display":"","ast-hfb-above-header-display":"","ast-hfb-below-header-display":"","ast-hfb-mobile-header-display":"","site-post-title":"","ast-breadcrumbs-content":"","ast-featured-img":"","footer-sml-layout":"","ast-disable-related-posts":"","theme-transparent-header-meta":"","adv-header-id-meta":"","stick-header-meta":"","header-above-stick-meta":"","header-main-stick-meta":"","header-below-stick-meta":"","astra-migrate-meta-layouts":"set","ast-page-background-enabled":"default","ast-page-background-meta":{"desktop":{"background-color":"","background-image":"","background-repeat":"repeat","background-position":"center center","background-size":"auto","background-attachment":"scroll","background-type":"","background-media":"","overlay-type":"","overlay-color":"","overlay-opacity":"","overlay-gradient":""},"tablet":{"background-color":"","background-image":"","background-repeat":"repeat","background-position":"center center","background-size":"auto","background-attachment":"scroll","background-type":"","background-media":"","overlay-type":"","overlay-color":"","overlay-opacity":"","overlay-gradient":""},"mobile":{"background-color":"","background-image":"","background-repeat":"repeat","background-position":"center center","background-size":"auto","background-attachment":"scroll","background-type":"","background-media":"","overlay-type":"","overlay-color":"","overlay-opacity":"","overlay-gradient":""}},"ast-content-background-meta":{"desktop":{"background-color":"var(--ast-global-color-5)","background-image":"","background-repeat":"repeat","background-position":"center center","background-size":"auto","background-attachment":"scroll","background-type":"","background-media":"","overlay-type":"","overlay-color":"","overlay-opacity":"","overlay-gradient":""},"tablet":{"background-color":"var(--ast-global-color-5)","background-image":"","background-repeat":"repeat","background-position":"center center","background-size":"auto","background-attachment":"scroll","background-type":"","background-media":"","overlay-type":"","overlay-color":"","overlay-opacity":"","overlay-gradient":""},"mobile":{"background-color":"var(--ast-global-color-5)","background-image":"","background-repeat":"repeat","background-position":"center center","background-size":"auto","background-attachment":"scroll","background-type":"","background-media":"","overlay-type":"","overlay-color":"","overlay-opacity":"","overlay-gradient":""}},"footnotes":""},"class_list":["post-1746","page","type-page","status-publish","hentry"],"yoast_head":"<!-- This site is optimized with the Yoast SEO plugin v23.9 - https:\/\/yoast.com\/wordpress\/plugins\/seo\/ -->\n<title>Aviso Legal -<\/title>\n<meta name=\"robots\" content=\"index, follow, max-snippet:-1, max-image-preview:large, max-video-preview:-1\" \/>\n<link rel=\"canonical\" href=\"https:\/\/gimenezymataabogados.es\/en\/aviso-legal\/\" \/>\n<meta property=\"og:locale\" content=\"en_US\" \/>\n<meta property=\"og:type\" content=\"article\" \/>\n<meta property=\"og:title\" content=\"Aviso Legal -\" \/>\n<meta property=\"og:description\" content=\"\u00a0Actualizaci\u00f3n y precisi\u00f3n del contenidoEn\u00a0Gim\u00e9nez y Mata Abogados, nos comprometemos a mantener nuestro sitio web actualizado y preciso. Si encuentra informaci\u00f3n incorrecta o desactualizada, le agradecer\u00edamos que nos lo informara. Indique claramente d\u00f3nde encontr\u00f3 la informaci\u00f3n, y la revisaremos lo antes posible. Puede enviarnos su duda por correo electr\u00f3nico a\u00a0gimenezymata@gmail.com 2. ResponsabilidadNo nos hacemos responsables [&hellip;]\" \/>\n<meta property=\"og:url\" content=\"https:\/\/gimenezymataabogados.es\/en\/aviso-legal\/\" \/>\n<meta property=\"article:modified_time\" content=\"2024-11-26T10:28:08+00:00\" \/>\n<meta name=\"twitter:card\" content=\"summary_large_image\" \/>\n<meta name=\"twitter:label1\" content=\"Est. reading time\" \/>\n\t<meta name=\"twitter:data1\" content=\"3 minutes\" \/>\n<script type=\"application\/ld+json\" class=\"yoast-schema-graph\">{\"@context\":\"https:\/\/schema.org\",\"@graph\":[{\"@type\":\"WebPage\",\"@id\":\"https:\/\/gimenezymataabogados.es\/aviso-legal\/\",\"url\":\"https:\/\/gimenezymataabogados.es\/aviso-legal\/\",\"name\":\"Aviso Legal -\",\"isPartOf\":{\"@id\":\"https:\/\/gimenezymataabogados.es\/#website\"},\"datePublished\":\"2024-11-22T16:00:06+00:00\",\"dateModified\":\"2024-11-26T10:28:08+00:00\",\"breadcrumb\":{\"@id\":\"https:\/\/gimenezymataabogados.es\/aviso-legal\/#breadcrumb\"},\"inLanguage\":\"en-US\",\"potentialAction\":[{\"@type\":\"ReadAction\",\"target\":[\"https:\/\/gimenezymataabogados.es\/aviso-legal\/\"]}]},{\"@type\":\"BreadcrumbList\",\"@id\":\"https:\/\/gimenezymataabogados.es\/aviso-legal\/#breadcrumb\",\"itemListElement\":[{\"@type\":\"ListItem\",\"position\":1,\"name\":\"Home\",\"item\":\"https:\/\/gimenezymataabogados.es\/\"},{\"@type\":\"ListItem\",\"position\":2,\"name\":\"Aviso Legal\"}]},{\"@type\":\"WebSite\",\"@id\":\"https:\/\/gimenezymataabogados.es\/#website\",\"url\":\"https:\/\/gimenezymataabogados.es\/\",\"name\":\"Gimenez y Mata Abogados\",\"description\":\"\",\"publisher\":{\"@id\":\"https:\/\/gimenezymataabogados.es\/#\/schema\/person\/20b2134e155d066dcd721e88581d4232\"},\"potentialAction\":[{\"@type\":\"SearchAction\",\"target\":{\"@type\":\"EntryPoint\",\"urlTemplate\":\"https:\/\/gimenezymataabogados.es\/?s={search_term_string}\"},\"query-input\":{\"@type\":\"PropertyValueSpecification\",\"valueRequired\":true,\"valueName\":\"search_term_string\"}}],\"inLanguage\":\"en-US\"},{\"@type\":[\"Person\",\"Organization\"],\"@id\":\"https:\/\/gimenezymataabogados.es\/#\/schema\/person\/20b2134e155d066dcd721e88581d4232\",\"name\":\"patricarollegal@gmail.com\",\"image\":{\"@type\":\"ImageObject\",\"inLanguage\":\"en-US\",\"@id\":\"https:\/\/gimenezymataabogados.es\/#\/schema\/person\/image\/\",\"url\":\"https:\/\/gimenezymataabogados.es\/wp-content\/uploads\/2024\/11\/igym.png\",\"contentUrl\":\"https:\/\/gimenezymataabogados.es\/wp-content\/uploads\/2024\/11\/igym.png\",\"width\":960,\"height\":722,\"caption\":\"patricarollegal@gmail.com\"},\"logo\":{\"@id\":\"https:\/\/gimenezymataabogados.es\/#\/schema\/person\/image\/\"},\"sameAs\":[\"https:\/\/gimenezymataabogados.es\"]}]}<\/script>\n<!-- \/ Yoast SEO plugin. -->","yoast_head_json":{"title":"Aviso Legal -","robots":{"index":"index","follow":"follow","max-snippet":"max-snippet:-1","max-image-preview":"max-image-preview:large","max-video-preview":"max-video-preview:-1"},"canonical":"https:\/\/gimenezymataabogados.es\/en\/aviso-legal\/","og_locale":"en_US","og_type":"article","og_title":"Aviso Legal -","og_description":"\u00a0Actualizaci\u00f3n y precisi\u00f3n del contenidoEn\u00a0Gim\u00e9nez y Mata Abogados, nos comprometemos a mantener nuestro sitio web actualizado y preciso. Si encuentra informaci\u00f3n incorrecta o desactualizada, le agradecer\u00edamos que nos lo informara. Indique claramente d\u00f3nde encontr\u00f3 la informaci\u00f3n, y la revisaremos lo antes posible. Puede enviarnos su duda por correo electr\u00f3nico a\u00a0gimenezymata@gmail.com 2. ResponsabilidadNo nos hacemos responsables [&hellip;]","og_url":"https:\/\/gimenezymataabogados.es\/en\/aviso-legal\/","article_modified_time":"2024-11-26T10:28:08+00:00","twitter_card":"summary_large_image","twitter_misc":{"Est. reading time":"3 minutes"},"schema":{"@context":"https:\/\/schema.org","@graph":[{"@type":"WebPage","@id":"https:\/\/gimenezymataabogados.es\/aviso-legal\/","url":"https:\/\/gimenezymataabogados.es\/aviso-legal\/","name":"Aviso Legal -","isPartOf":{"@id":"https:\/\/gimenezymataabogados.es\/#website"},"datePublished":"2024-11-22T16:00:06+00:00","dateModified":"2024-11-26T10:28:08+00:00","breadcrumb":{"@id":"https:\/\/gimenezymataabogados.es\/aviso-legal\/#breadcrumb"},"inLanguage":"en-US","potentialAction":[{"@type":"ReadAction","target":["https:\/\/gimenezymataabogados.es\/aviso-legal\/"]}]},{"@type":"BreadcrumbList","@id":"https:\/\/gimenezymataabogados.es\/aviso-legal\/#breadcrumb","itemListElement":[{"@type":"ListItem","position":1,"name":"Home","item":"https:\/\/gimenezymataabogados.es\/"},{"@type":"ListItem","position":2,"name":"Aviso Legal"}]},{"@type":"WebSite","@id":"https:\/\/gimenezymataabogados.es\/#website","url":"https:\/\/gimenezymataabogados.es\/","name":"Gimenez y Mata Abogados","description":"","publisher":{"@id":"https:\/\/gimenezymataabogados.es\/#\/schema\/person\/20b2134e155d066dcd721e88581d4232"},"potentialAction":[{"@type":"SearchAction","target":{"@type":"EntryPoint","urlTemplate":"https:\/\/gimenezymataabogados.es\/?s={search_term_string}"},"query-input":{"@type":"PropertyValueSpecification","valueRequired":true,"valueName":"search_term_string"}}],"inLanguage":"en-US"},{"@type":["Person","Organization"],"@id":"https:\/\/gimenezymataabogados.es\/#\/schema\/person\/20b2134e155d066dcd721e88581d4232","name":"patricarollegal@gmail.com","image":{"@type":"ImageObject","inLanguage":"en-US","@id":"https:\/\/gimenezymataabogados.es\/#\/schema\/person\/image\/","url":"https:\/\/gimenezymataabogados.es\/wp-content\/uploads\/2024\/11\/igym.png","contentUrl":"https:\/\/gimenezymataabogados.es\/wp-content\/uploads\/2024\/11\/igym.png","width":960,"height":722,"caption":"patricarollegal@gmail.com"},"logo":{"@id":"https:\/\/gimenezymataabogados.es\/#\/schema\/person\/image\/"},"sameAs":["https:\/\/gimenezymataabogados.es"]}]}},"_links":{"self":[{"href":"https:\/\/gimenezymataabogados.es\/en\/wp-json\/wp\/v2\/pages\/1746","targetHints":{"allow":["GET"]}}],"collection":[{"href":"https:\/\/gimenezymataabogados.es\/en\/wp-json\/wp\/v2\/pages"}],"about":[{"href":"https:\/\/gimenezymataabogados.es\/en\/wp-json\/wp\/v2\/types\/page"}],"author":[{"embeddable":true,"href":"https:\/\/gimenezymataabogados.es\/en\/wp-json\/wp\/v2\/users\/1"}],"replies":[{"embeddable":true,"href":"https:\/\/gimenezymataabogados.es\/en\/wp-json\/wp\/v2\/comments?post=1746"}],"version-history":[{"count":2,"href":"https:\/\/gimenezymataabogados.es\/en\/wp-json\/wp\/v2\/pages\/1746\/revisions"}],"predecessor-version":[{"id":1915,"href":"https:\/\/gimenezymataabogados.es\/en\/wp-json\/wp\/v2\/pages\/1746\/revisions\/1915"}],"wp:attachment":[{"href":"https:\/\/gimenezymataabogados.es\/en\/wp-json\/wp\/v2\/media?parent=1746"}],"curies":[{"name":"wp","href":"https:\/\/api.w.org\/{rel}","templated":true}]}}