{"id":1744,"date":"2024-11-22T15:59:47","date_gmt":"2024-11-22T15:59:47","guid":{"rendered":"https:\/\/gimenezymataabogados.es\/?page_id=1744"},"modified":"2024-11-26T10:24:08","modified_gmt":"2024-11-26T10:24:08","slug":"politica-de-cookies","status":"publish","type":"page","link":"https:\/\/gimenezymataabogados.es\/en\/politica-de-cookies\/","title":{"rendered":"Pol\u00edtica de Cookies"},"content":{"rendered":"<p>En\u00a0<strong>Gim\u00e9nez y Mata Abogados<\/strong> estamos comprometidos con mantener nuestro sitio web actualizado y preciso. Si detecta informaci\u00f3n incorrecta o desactualizada, le pedimos que nos lo comunique. Indique claramente d\u00f3nde encontr\u00f3 la informaci\u00f3n y evaluaremos su consulta lo antes posible. <\/p>\n\n\n\n<hr class=\"wp-block-separator has-alpha-channel-opacity\"\/>\n\n\n\n<h3 class=\"wp-block-heading\">Responsabilidad<\/h3>\n\n\n\n<p>No asumimos responsabilidad por p\u00e9rdidas derivadas de errores, inexactitudes o interrupciones inherentes a la difusi\u00f3n de informaci\u00f3n a trav\u00e9s de Internet, como fallos t\u00e9cnicos. Aunque hacemos esfuerzos para minimizar errores y campos obligatorios en formularios web, no garantizamos una ausencia total de problemas.<\/p>\n\n\n\n<p>Las respuestas y preguntas sobre privacidad recibidas a trav\u00e9s de correo electr\u00f3nico o formularios web ser\u00e1n tratadas de acuerdo con nuestra declaraci\u00f3n de privacidad. Nuestro compromiso es responder en un plazo m\u00e1ximo de 1 mes. En casos complejos, le notificaremos si necesitamos hasta 3 meses para resolver su solicitud.<\/p>\n\n\n\n<hr class=\"wp-block-separator has-alpha-channel-opacity\"\/>\n\n\n\n<h3 class=\"wp-block-heading\">Uso de datos personales<\/h3>\n\n\n\n<p>Los datos personales proporcionados en respuestas o solicitudes solo ser\u00e1n utilizados conforme a nuestra&nbsp;<strong>Pol\u00edtica de Privacidad<\/strong>.<\/p>\n\n\n\n<hr class=\"wp-block-separator has-alpha-channel-opacity\"\/>\n\n\n\n<h3 class=\"wp-block-heading\">Seguridad<\/h3>\n\n\n\n<p>Nos esforzamos por proteger nuestros sistemas contra el uso ilegal mediante medidas t\u00e9cnicas y organizativas adecuadas, considerando el estado actual de la tecnolog\u00eda. Sin embargo, no asumimos responsabilidad por da\u00f1os directos o indirectos causados por el uso indebido de nuestros sistemas por terceros.<\/p>\n\n\n\n<hr class=\"wp-block-separator has-alpha-channel-opacity\"\/>\n\n\n\n<h3 class=\"wp-block-heading\">Enlaces a sitios web de terceros<\/h3>\n\n\n\n<p>No somos responsables del contenido de sitios web de terceros enlazados desde nuestra p\u00e1gina. Los productos o servicios ofrecidos por estos terceros estar\u00e1n sujetos a sus propios t\u00e9rminos y condiciones.<\/p>\n\n\n\n<hr class=\"wp-block-separator has-alpha-channel-opacity\"\/>\n\n\n\n<h3 class=\"wp-block-heading\">Accesibilidad<\/h3>\n\n\n\n<p>Nuestro equipo trabaja continuamente para garantizar la accesibilidad de nuestro sitio web, incluyendo adaptaciones para personas que utilizan software especial debido a discapacidades. Este sitio ha sido dise\u00f1ado conforme a las pautas&nbsp;<strong>WCAG 2.1 nivel AA<\/strong>, que son est\u00e1ndares internacionalmente reconocidos de accesibilidad, sostenibilidad e intercambiabilidad.<\/p>\n\n\n\n<hr class=\"wp-block-separator has-alpha-channel-opacity\"\/>\n\n\n\n<h3 class=\"wp-block-heading\">Derechos de propiedad intelectual<\/h3>\n\n\n\n<p>Todo el contenido de este sitio web est\u00e1 protegido por derechos de propiedad intelectual y pertenece a\u00a0<strong><strong>Patricia Caro<\/strong><\/strong>\u00a0o a terceros que han otorgado licencia de uso.<\/p>\n\n\n\n<p>No est\u00e1 permitido copiar, difundir ni usar estos materiales sin el permiso escrito de <strong>Patricia Caro<\/strong>, salvo que las leyes obligatorias dispongan lo contrario.<\/p>\n\n\n\n<hr class=\"wp-block-separator has-alpha-channel-opacity\"\/>\n\n\n\n<h3 class=\"wp-block-heading\">Contacto<\/h3>\n\n\n\n<p>Si tiene preguntas o problemas relacionados con la accesibilidad de nuestro sitio web, no dude en contactarnos:<\/p>\n\n\n\n<ul class=\"wp-block-list\">\n<li>Direcci\u00f3n:\u00a0Calle Col\u00f3n 4, piso 3. 46004, Valencia, Espa\u00f1a<\/li>\n\n\n\n<li>Correo electr\u00f3nico:\u00a0gimenezymata@gmail.com<\/li>\n\n\n\n<li>Tel\u00e9fono:\u00a0+34 722630432<\/li>\n<\/ul>\n\n\n\n<p><\/p>","protected":false},"excerpt":{"rendered":"<p>En\u00a0Gim\u00e9nez y Mata Abogados estamos comprometidos con mantener nuestro sitio web actualizado y preciso. Si detecta informaci\u00f3n incorrecta o desactualizada, le pedimos que nos lo comunique. Indique claramente d\u00f3nde encontr\u00f3 la informaci\u00f3n y evaluaremos su consulta lo antes posible. Responsabilidad No asumimos responsabilidad por p\u00e9rdidas derivadas de errores, inexactitudes o interrupciones inherentes a la difusi\u00f3n [&hellip;]<\/p>\n","protected":false},"author":1,"featured_media":0,"parent":0,"menu_order":0,"comment_status":"closed","ping_status":"closed","template":"","meta":{"site-sidebar-layout":"default","site-content-layout":"","ast-site-content-layout":"default","site-content-style":"default","site-sidebar-style":"default","ast-global-header-display":"","ast-banner-title-visibility":"","ast-main-header-display":"","ast-hfb-above-header-display":"","ast-hfb-below-header-display":"","ast-hfb-mobile-header-display":"","site-post-title":"","ast-breadcrumbs-content":"","ast-featured-img":"","footer-sml-layout":"","ast-disable-related-posts":"","theme-transparent-header-meta":"","adv-header-id-meta":"","stick-header-meta":"","header-above-stick-meta":"","header-main-stick-meta":"","header-below-stick-meta":"","astra-migrate-meta-layouts":"set","ast-page-background-enabled":"default","ast-page-background-meta":{"desktop":{"background-color":"","background-image":"","background-repeat":"repeat","background-position":"center center","background-size":"auto","background-attachment":"scroll","background-type":"","background-media":"","overlay-type":"","overlay-color":"","overlay-opacity":"","overlay-gradient":""},"tablet":{"background-color":"","background-image":"","background-repeat":"repeat","background-position":"center center","background-size":"auto","background-attachment":"scroll","background-type":"","background-media":"","overlay-type":"","overlay-color":"","overlay-opacity":"","overlay-gradient":""},"mobile":{"background-color":"","background-image":"","background-repeat":"repeat","background-position":"center center","background-size":"auto","background-attachment":"scroll","background-type":"","background-media":"","overlay-type":"","overlay-color":"","overlay-opacity":"","overlay-gradient":""}},"ast-content-background-meta":{"desktop":{"background-color":"var(--ast-global-color-5)","background-image":"","background-repeat":"repeat","background-position":"center center","background-size":"auto","background-attachment":"scroll","background-type":"","background-media":"","overlay-type":"","overlay-color":"","overlay-opacity":"","overlay-gradient":""},"tablet":{"background-color":"var(--ast-global-color-5)","background-image":"","background-repeat":"repeat","background-position":"center center","background-size":"auto","background-attachment":"scroll","background-type":"","background-media":"","overlay-type":"","overlay-color":"","overlay-opacity":"","overlay-gradient":""},"mobile":{"background-color":"var(--ast-global-color-5)","background-image":"","background-repeat":"repeat","background-position":"center center","background-size":"auto","background-attachment":"scroll","background-type":"","background-media":"","overlay-type":"","overlay-color":"","overlay-opacity":"","overlay-gradient":""}},"footnotes":""},"class_list":["post-1744","page","type-page","status-publish","hentry"],"yoast_head":"<!-- This site is optimized with the Yoast SEO plugin v23.9 - https:\/\/yoast.com\/wordpress\/plugins\/seo\/ -->\n<title>Pol\u00edtica de Cookies -<\/title>\n<meta name=\"robots\" content=\"index, follow, max-snippet:-1, max-image-preview:large, max-video-preview:-1\" \/>\n<link rel=\"canonical\" href=\"https:\/\/gimenezymataabogados.es\/en\/politica-de-cookies\/\" \/>\n<meta property=\"og:locale\" content=\"en_US\" \/>\n<meta property=\"og:type\" content=\"article\" \/>\n<meta property=\"og:title\" content=\"Pol\u00edtica de Cookies -\" \/>\n<meta property=\"og:description\" content=\"En\u00a0Gim\u00e9nez y Mata Abogados estamos comprometidos con mantener nuestro sitio web actualizado y preciso. Si detecta informaci\u00f3n incorrecta o desactualizada, le pedimos que nos lo comunique. Indique claramente d\u00f3nde encontr\u00f3 la informaci\u00f3n y evaluaremos su consulta lo antes posible. Responsabilidad No asumimos responsabilidad por p\u00e9rdidas derivadas de errores, inexactitudes o interrupciones inherentes a la difusi\u00f3n [&hellip;]\" \/>\n<meta property=\"og:url\" content=\"https:\/\/gimenezymataabogados.es\/en\/politica-de-cookies\/\" \/>\n<meta property=\"article:modified_time\" content=\"2024-11-26T10:24:08+00:00\" \/>\n<meta name=\"twitter:card\" content=\"summary_large_image\" \/>\n<meta name=\"twitter:label1\" content=\"Est. reading time\" \/>\n\t<meta name=\"twitter:data1\" content=\"2 minutes\" \/>\n<script type=\"application\/ld+json\" class=\"yoast-schema-graph\">{\"@context\":\"https:\/\/schema.org\",\"@graph\":[{\"@type\":\"WebPage\",\"@id\":\"https:\/\/gimenezymataabogados.es\/politica-de-cookies\/\",\"url\":\"https:\/\/gimenezymataabogados.es\/politica-de-cookies\/\",\"name\":\"Pol\u00edtica de Cookies -\",\"isPartOf\":{\"@id\":\"https:\/\/gimenezymataabogados.es\/#website\"},\"datePublished\":\"2024-11-22T15:59:47+00:00\",\"dateModified\":\"2024-11-26T10:24:08+00:00\",\"breadcrumb\":{\"@id\":\"https:\/\/gimenezymataabogados.es\/politica-de-cookies\/#breadcrumb\"},\"inLanguage\":\"en-US\",\"potentialAction\":[{\"@type\":\"ReadAction\",\"target\":[\"https:\/\/gimenezymataabogados.es\/politica-de-cookies\/\"]}]},{\"@type\":\"BreadcrumbList\",\"@id\":\"https:\/\/gimenezymataabogados.es\/politica-de-cookies\/#breadcrumb\",\"itemListElement\":[{\"@type\":\"ListItem\",\"position\":1,\"name\":\"Home\",\"item\":\"https:\/\/gimenezymataabogados.es\/\"},{\"@type\":\"ListItem\",\"position\":2,\"name\":\"Pol\u00edtica de Cookies\"}]},{\"@type\":\"WebSite\",\"@id\":\"https:\/\/gimenezymataabogados.es\/#website\",\"url\":\"https:\/\/gimenezymataabogados.es\/\",\"name\":\"Gimenez y Mata Abogados\",\"description\":\"\",\"publisher\":{\"@id\":\"https:\/\/gimenezymataabogados.es\/#\/schema\/person\/20b2134e155d066dcd721e88581d4232\"},\"potentialAction\":[{\"@type\":\"SearchAction\",\"target\":{\"@type\":\"EntryPoint\",\"urlTemplate\":\"https:\/\/gimenezymataabogados.es\/?s={search_term_string}\"},\"query-input\":{\"@type\":\"PropertyValueSpecification\",\"valueRequired\":true,\"valueName\":\"search_term_string\"}}],\"inLanguage\":\"en-US\"},{\"@type\":[\"Person\",\"Organization\"],\"@id\":\"https:\/\/gimenezymataabogados.es\/#\/schema\/person\/20b2134e155d066dcd721e88581d4232\",\"name\":\"patricarollegal@gmail.com\",\"image\":{\"@type\":\"ImageObject\",\"inLanguage\":\"en-US\",\"@id\":\"https:\/\/gimenezymataabogados.es\/#\/schema\/person\/image\/\",\"url\":\"https:\/\/gimenezymataabogados.es\/wp-content\/uploads\/2024\/11\/igym.png\",\"contentUrl\":\"https:\/\/gimenezymataabogados.es\/wp-content\/uploads\/2024\/11\/igym.png\",\"width\":960,\"height\":722,\"caption\":\"patricarollegal@gmail.com\"},\"logo\":{\"@id\":\"https:\/\/gimenezymataabogados.es\/#\/schema\/person\/image\/\"},\"sameAs\":[\"https:\/\/gimenezymataabogados.es\"]}]}<\/script>\n<!-- \/ Yoast SEO plugin. -->","yoast_head_json":{"title":"Pol\u00edtica de Cookies -","robots":{"index":"index","follow":"follow","max-snippet":"max-snippet:-1","max-image-preview":"max-image-preview:large","max-video-preview":"max-video-preview:-1"},"canonical":"https:\/\/gimenezymataabogados.es\/en\/politica-de-cookies\/","og_locale":"en_US","og_type":"article","og_title":"Pol\u00edtica de Cookies -","og_description":"En\u00a0Gim\u00e9nez y Mata Abogados estamos comprometidos con mantener nuestro sitio web actualizado y preciso. Si detecta informaci\u00f3n incorrecta o desactualizada, le pedimos que nos lo comunique. Indique claramente d\u00f3nde encontr\u00f3 la informaci\u00f3n y evaluaremos su consulta lo antes posible. Responsabilidad No asumimos responsabilidad por p\u00e9rdidas derivadas de errores, inexactitudes o interrupciones inherentes a la difusi\u00f3n [&hellip;]","og_url":"https:\/\/gimenezymataabogados.es\/en\/politica-de-cookies\/","article_modified_time":"2024-11-26T10:24:08+00:00","twitter_card":"summary_large_image","twitter_misc":{"Est. reading time":"2 minutes"},"schema":{"@context":"https:\/\/schema.org","@graph":[{"@type":"WebPage","@id":"https:\/\/gimenezymataabogados.es\/politica-de-cookies\/","url":"https:\/\/gimenezymataabogados.es\/politica-de-cookies\/","name":"Pol\u00edtica de Cookies -","isPartOf":{"@id":"https:\/\/gimenezymataabogados.es\/#website"},"datePublished":"2024-11-22T15:59:47+00:00","dateModified":"2024-11-26T10:24:08+00:00","breadcrumb":{"@id":"https:\/\/gimenezymataabogados.es\/politica-de-cookies\/#breadcrumb"},"inLanguage":"en-US","potentialAction":[{"@type":"ReadAction","target":["https:\/\/gimenezymataabogados.es\/politica-de-cookies\/"]}]},{"@type":"BreadcrumbList","@id":"https:\/\/gimenezymataabogados.es\/politica-de-cookies\/#breadcrumb","itemListElement":[{"@type":"ListItem","position":1,"name":"Home","item":"https:\/\/gimenezymataabogados.es\/"},{"@type":"ListItem","position":2,"name":"Pol\u00edtica de Cookies"}]},{"@type":"WebSite","@id":"https:\/\/gimenezymataabogados.es\/#website","url":"https:\/\/gimenezymataabogados.es\/","name":"Gimenez y Mata Abogados","description":"","publisher":{"@id":"https:\/\/gimenezymataabogados.es\/#\/schema\/person\/20b2134e155d066dcd721e88581d4232"},"potentialAction":[{"@type":"SearchAction","target":{"@type":"EntryPoint","urlTemplate":"https:\/\/gimenezymataabogados.es\/?s={search_term_string}"},"query-input":{"@type":"PropertyValueSpecification","valueRequired":true,"valueName":"search_term_string"}}],"inLanguage":"en-US"},{"@type":["Person","Organization"],"@id":"https:\/\/gimenezymataabogados.es\/#\/schema\/person\/20b2134e155d066dcd721e88581d4232","name":"patricarollegal@gmail.com","image":{"@type":"ImageObject","inLanguage":"en-US","@id":"https:\/\/gimenezymataabogados.es\/#\/schema\/person\/image\/","url":"https:\/\/gimenezymataabogados.es\/wp-content\/uploads\/2024\/11\/igym.png","contentUrl":"https:\/\/gimenezymataabogados.es\/wp-content\/uploads\/2024\/11\/igym.png","width":960,"height":722,"caption":"patricarollegal@gmail.com"},"logo":{"@id":"https:\/\/gimenezymataabogados.es\/#\/schema\/person\/image\/"},"sameAs":["https:\/\/gimenezymataabogados.es"]}]}},"_links":{"self":[{"href":"https:\/\/gimenezymataabogados.es\/en\/wp-json\/wp\/v2\/pages\/1744","targetHints":{"allow":["GET"]}}],"collection":[{"href":"https:\/\/gimenezymataabogados.es\/en\/wp-json\/wp\/v2\/pages"}],"about":[{"href":"https:\/\/gimenezymataabogados.es\/en\/wp-json\/wp\/v2\/types\/page"}],"author":[{"embeddable":true,"href":"https:\/\/gimenezymataabogados.es\/en\/wp-json\/wp\/v2\/users\/1"}],"replies":[{"embeddable":true,"href":"https:\/\/gimenezymataabogados.es\/en\/wp-json\/wp\/v2\/comments?post=1744"}],"version-history":[{"count":2,"href":"https:\/\/gimenezymataabogados.es\/en\/wp-json\/wp\/v2\/pages\/1744\/revisions"}],"predecessor-version":[{"id":1911,"href":"https:\/\/gimenezymataabogados.es\/en\/wp-json\/wp\/v2\/pages\/1744\/revisions\/1911"}],"wp:attachment":[{"href":"https:\/\/gimenezymataabogados.es\/en\/wp-json\/wp\/v2\/media?parent=1744"}],"curies":[{"name":"wp","href":"https:\/\/api.w.org\/{rel}","templated":true}]}}