{"id":1742,"date":"2024-11-22T15:58:58","date_gmt":"2024-11-22T15:58:58","guid":{"rendered":"https:\/\/gimenezymataabogados.es\/?page_id=1742"},"modified":"2024-11-26T10:15:14","modified_gmt":"2024-11-26T10:15:14","slug":"politica-de-privacidad","status":"publish","type":"page","link":"https:\/\/gimenezymataabogados.es\/en\/politica-de-privacidad\/","title":{"rendered":"Pol\u00edtica de Privacidad"},"content":{"rendered":"<h1 class=\"wp-block-heading\">Pol\u00edtica de privacidad<\/h1>\n\n\n\n<p><strong>Pol\u00edtica de Privacidad de Gim\u00e9nez y Mata Abogados<\/strong><\/p>\n\n\n\n<p>Esta pol\u00edtica de privacidad fue actualizada por \u00faltima vez el 1 de mayo de 2023 y se aplica a los ciudadanos del Espacio Econ\u00f3mico Europeo (UE).<\/p>\n\n\n\n<p>En esta declaraci\u00f3n de privacidad, explicamos c\u00f3mo gestionamos los datos que obtenemos sobre usted a trav\u00e9s de <strong><a href=\"https:\/\/gimenezymataabogados.es\/en\/\">https:\/\/gimenezymataabogados.es\/<\/a><\/strong> Le recomendamos leerla detenidamente. Cumplimos con los requisitos legales de privacidad, lo que implica que:<\/p>\n\n\n\n<ul class=\"wp-block-list\">\n<li>Indicamos claramente los fines para los que procesamos los datos personales a trav\u00e9s de esta declaraci\u00f3n.<\/li>\n\n\n\n<li>Limitamos la recopilaci\u00f3n de datos personales a lo estrictamente necesario para fines leg\u00edtimos.<\/li>\n\n\n\n<li>Solicitamos su consentimiento expl\u00edcito para el tratamiento de sus datos personales cuando sea necesario.<\/li>\n\n\n\n<li>Tomamos medidas de seguridad adecuadas para proteger sus datos personales y exigimos lo mismo a los terceros que procesan datos en nuestro nombre.<\/li>\n\n\n\n<li>Respetamos su derecho a acceder, rectificar o eliminar sus datos personales bajo solicitud.<\/li>\n<\/ul>\n\n\n\n<p>Si tiene alguna pregunta o desea saber qu\u00e9 datos guardamos sobre usted, puede contactarnos.<\/p>\n\n\n\n<hr class=\"wp-block-separator has-alpha-channel-opacity\"\/>\n\n\n\n<h3 class=\"wp-block-heading\">1. Prop\u00f3sito, datos y periodo de retenci\u00f3n<\/h3>\n\n\n\n<p>1.1&nbsp;<strong>Contacto<\/strong><br>Para comunicaciones por tel\u00e9fono, correo, correo electr\u00f3nico y\/o formularios en el sitio. Conservaremos los datos hasta que el servicio sea cancelado.<\/p>\n\n\n\n<p>1.2&nbsp;<strong>Obligaciones legales<\/strong><br>Conservaremos los datos mientras el servicio est\u00e9 vigente.<\/p>\n\n\n\n<p>1.3&nbsp;<strong>Estad\u00edsticas<\/strong><br>Recopilaci\u00f3n y an\u00e1lisis de estad\u00edsticas para mejorar nuestro sitio web. Conservaremos los datos mientras el servicio est\u00e9 vigente.<\/p>\n\n\n\n<hr class=\"wp-block-separator has-alpha-channel-opacity\"\/>\n\n\n\n<h3 class=\"wp-block-heading\">2. Compartir datos con terceros<\/h3>\n\n\n\n<p>Compartimos datos \u00fanicamente con procesadores para los siguientes prop\u00f3sitos:<\/p>\n\n\n\n<ul class=\"wp-block-list\">\n<li><strong>Procesadores de datos<\/strong>\n<ul class=\"wp-block-list\">\n<li>Nombre: Xpandex<\/li>\n\n\n\n<li>Pa\u00eds: Espa\u00f1a<\/li>\n\n\n\n<li>Prop\u00f3sito: Desarrollo y mantenimiento del sitio web<\/li>\n<\/ul>\n<\/li>\n<\/ul>\n\n\n\n<hr class=\"wp-block-separator has-alpha-channel-opacity\"\/>\n\n\n\n<h3 class=\"wp-block-heading\">3. Cookies<\/h3>\n\n\n\n<p>Nuestro sitio utiliza cookies. Para m\u00e1s detalles, consulte nuestra&nbsp;<strong>Declaraci\u00f3n de Pol\u00edtica de Cookies<\/strong>. Adem\u00e1s, tenemos un acuerdo de procesamiento de datos con Google.<\/p>\n\n\n\n<hr class=\"wp-block-separator has-alpha-channel-opacity\"\/>\n\n\n\n<h3 class=\"wp-block-heading\">4. Seguridad<\/h3>\n\n\n\n<p>Estamos comprometidos con la protecci\u00f3n de los datos personales. Implementamos medidas de seguridad que limitan el acceso no autorizado o el uso indebido de sus datos. Revisamos nuestras pr\u00e1cticas de seguridad regularmente.<\/p>\n\n\n\n<hr class=\"wp-block-separator has-alpha-channel-opacity\"\/>\n\n\n\n<h3 class=\"wp-block-heading\">5. Sitios web de terceros<\/h3>\n\n\n\n<p>Esta pol\u00edtica no cubre los sitios web de terceros a los que puede acceder mediante enlaces en nuestro sitio. Recomendamos leer las pol\u00edticas de privacidad de esos sitios antes de utilizarlos.<\/p>\n\n\n\n<hr class=\"wp-block-separator has-alpha-channel-opacity\"\/>\n\n\n\n<h3 class=\"wp-block-heading\">6. Cambios en la pol\u00edtica de privacidad<\/h3>\n\n\n\n<p>Nos reservamos el derecho de modificar esta pol\u00edtica de privacidad. Consulte esta declaraci\u00f3n regularmente para estar informado de cualquier cambio. Cuando sea posible, le informaremos de manera proactiva.<\/p>\n\n\n\n<hr class=\"wp-block-separator has-alpha-channel-opacity\"\/>\n\n\n\n<h3 class=\"wp-block-heading\">7. Acceso y modificaci\u00f3n de datos<\/h3>\n\n\n\n<p>Si desea saber qu\u00e9 datos personales tenemos sobre usted o ejercer sus derechos, puede contactarnos utilizando la informaci\u00f3n proporcionada m\u00e1s abajo. Sus derechos incluyen:<\/p>\n\n\n\n<ul class=\"wp-block-list\">\n<li><strong>Conocer<\/strong>: Saber por qu\u00e9 procesamos sus datos, qu\u00e9 sucede con ellos y cu\u00e1nto tiempo los conservamos.<\/li>\n\n\n\n<li><strong>Acceso<\/strong>: Solicitar acceso a los datos que tenemos sobre usted.<\/li>\n\n\n\n<li><strong>Rectificaci\u00f3n<\/strong>: Corregir, completar o eliminar sus datos personales.<\/li>\n\n\n\n<li><strong>Revocaci\u00f3n de consentimiento<\/strong>: Retirar su consentimiento y solicitar la eliminaci\u00f3n de sus datos personales.<\/li>\n\n\n\n<li><strong>Portabilidad<\/strong>: Transferir sus datos a otro controlador.<\/li>\n\n\n\n<li><strong>Oposici\u00f3n<\/strong>: Oponerse al procesamiento de sus datos, salvo que existan razones legales para hacerlo.<\/li>\n<\/ul>\n\n\n\n<p>Aseg\u00farese de proporcionar informaci\u00f3n suficiente para verificar su identidad al ejercer estos derechos.<\/p>\n\n\n\n<hr class=\"wp-block-separator has-alpha-channel-opacity\"\/>\n\n\n\n<h3 class=\"wp-block-heading\">8. Quejas<\/h3>\n\n\n\n<p>Si no est\u00e1 satisfecho con el tratamiento de sus datos personales, tiene derecho a presentar una queja ante la Autoridad de Protecci\u00f3n de Datos.<\/p>\n\n\n\n<hr class=\"wp-block-separator has-alpha-channel-opacity\"\/>\n\n\n\n<h3 class=\"wp-block-heading\">9. Responsable de Protecci\u00f3n de Datos<\/h3>\n\n\n\n<p>Si tiene preguntas relacionadas con esta pol\u00edtica de privacidad, puede contactar con nuestro Responsable de Protecci\u00f3n de Datos:<br>Email:\u00a0<strong><a>gimenezymata@gmail.com<\/a><\/strong><br>Tel\u00e9fono: +34 722630432<\/p>\n\n\n\n<hr class=\"wp-block-separator has-alpha-channel-opacity\"\/>\n\n\n\n<h3 class=\"wp-block-heading\">10. Detalles de contacto<\/h3>\n\n\n\n<p>Gim\u00e9nez y Mata<\/p>\n\n\n\n<p>Direcci\u00f3n: Calle Col\u00f3n 4, piso 3. 46004, Valencia, Espa\u00f1a<br>Correo electr\u00f3nico: gimenezymata@gmail.com<br>Tel\u00e9fono: +34 722630432<\/p>\n\n\n\n<p><\/p>","protected":false},"excerpt":{"rendered":"<p>Pol\u00edtica de privacidad Pol\u00edtica de Privacidad de Gim\u00e9nez y Mata Abogados Esta pol\u00edtica de privacidad fue actualizada por \u00faltima vez el 1 de mayo de 2023 y se aplica a los ciudadanos del Espacio Econ\u00f3mico Europeo (UE). En esta declaraci\u00f3n de privacidad, explicamos c\u00f3mo gestionamos los datos que obtenemos sobre usted a trav\u00e9s de https:\/\/gimenezymataabogados.es\/ [&hellip;]<\/p>\n","protected":false},"author":1,"featured_media":0,"parent":0,"menu_order":0,"comment_status":"closed","ping_status":"closed","template":"","meta":{"site-sidebar-layout":"default","site-content-layout":"","ast-site-content-layout":"default","site-content-style":"default","site-sidebar-style":"default","ast-global-header-display":"","ast-banner-title-visibility":"","ast-main-header-display":"","ast-hfb-above-header-display":"","ast-hfb-below-header-display":"","ast-hfb-mobile-header-display":"","site-post-title":"","ast-breadcrumbs-content":"","ast-featured-img":"","footer-sml-layout":"","ast-disable-related-posts":"","theme-transparent-header-meta":"","adv-header-id-meta":"","stick-header-meta":"","header-above-stick-meta":"","header-main-stick-meta":"","header-below-stick-meta":"","astra-migrate-meta-layouts":"set","ast-page-background-enabled":"default","ast-page-background-meta":{"desktop":{"background-color":"","background-image":"","background-repeat":"repeat","background-position":"center center","background-size":"auto","background-attachment":"scroll","background-type":"","background-media":"","overlay-type":"","overlay-color":"","overlay-opacity":"","overlay-gradient":""},"tablet":{"background-color":"","background-image":"","background-repeat":"repeat","background-position":"center center","background-size":"auto","background-attachment":"scroll","background-type":"","background-media":"","overlay-type":"","overlay-color":"","overlay-opacity":"","overlay-gradient":""},"mobile":{"background-color":"","background-image":"","background-repeat":"repeat","background-position":"center center","background-size":"auto","background-attachment":"scroll","background-type":"","background-media":"","overlay-type":"","overlay-color":"","overlay-opacity":"","overlay-gradient":""}},"ast-content-background-meta":{"desktop":{"background-color":"var(--ast-global-color-5)","background-image":"","background-repeat":"repeat","background-position":"center center","background-size":"auto","background-attachment":"scroll","background-type":"","background-media":"","overlay-type":"","overlay-color":"","overlay-opacity":"","overlay-gradient":""},"tablet":{"background-color":"var(--ast-global-color-5)","background-image":"","background-repeat":"repeat","background-position":"center center","background-size":"auto","background-attachment":"scroll","background-type":"","background-media":"","overlay-type":"","overlay-color":"","overlay-opacity":"","overlay-gradient":""},"mobile":{"background-color":"var(--ast-global-color-5)","background-image":"","background-repeat":"repeat","background-position":"center center","background-size":"auto","background-attachment":"scroll","background-type":"","background-media":"","overlay-type":"","overlay-color":"","overlay-opacity":"","overlay-gradient":""}},"footnotes":""},"class_list":["post-1742","page","type-page","status-publish","hentry"],"yoast_head":"<!-- This site is optimized with the Yoast SEO plugin v23.9 - https:\/\/yoast.com\/wordpress\/plugins\/seo\/ -->\n<title>Pol\u00edtica de Privacidad -<\/title>\n<meta name=\"robots\" content=\"index, follow, max-snippet:-1, max-image-preview:large, max-video-preview:-1\" \/>\n<link rel=\"canonical\" href=\"https:\/\/gimenezymataabogados.es\/en\/politica-de-privacidad\/\" \/>\n<meta property=\"og:locale\" content=\"en_US\" \/>\n<meta property=\"og:type\" content=\"article\" \/>\n<meta property=\"og:title\" content=\"Pol\u00edtica de Privacidad -\" \/>\n<meta property=\"og:description\" content=\"Pol\u00edtica de privacidad Pol\u00edtica de Privacidad de Gim\u00e9nez y Mata Abogados Esta pol\u00edtica de privacidad fue actualizada por \u00faltima vez el 1 de mayo de 2023 y se aplica a los ciudadanos del Espacio Econ\u00f3mico Europeo (UE). En esta declaraci\u00f3n de privacidad, explicamos c\u00f3mo gestionamos los datos que obtenemos sobre usted a trav\u00e9s de https:\/\/gimenezymataabogados.es\/ [&hellip;]\" \/>\n<meta property=\"og:url\" content=\"https:\/\/gimenezymataabogados.es\/en\/politica-de-privacidad\/\" \/>\n<meta property=\"article:modified_time\" content=\"2024-11-26T10:15:14+00:00\" \/>\n<meta name=\"twitter:card\" content=\"summary_large_image\" \/>\n<meta name=\"twitter:label1\" content=\"Est. reading time\" \/>\n\t<meta name=\"twitter:data1\" content=\"3 minutes\" \/>\n<script type=\"application\/ld+json\" class=\"yoast-schema-graph\">{\"@context\":\"https:\/\/schema.org\",\"@graph\":[{\"@type\":\"WebPage\",\"@id\":\"https:\/\/gimenezymataabogados.es\/politica-de-privacidad\/\",\"url\":\"https:\/\/gimenezymataabogados.es\/politica-de-privacidad\/\",\"name\":\"Pol\u00edtica de Privacidad -\",\"isPartOf\":{\"@id\":\"https:\/\/gimenezymataabogados.es\/#website\"},\"datePublished\":\"2024-11-22T15:58:58+00:00\",\"dateModified\":\"2024-11-26T10:15:14+00:00\",\"breadcrumb\":{\"@id\":\"https:\/\/gimenezymataabogados.es\/politica-de-privacidad\/#breadcrumb\"},\"inLanguage\":\"en-US\",\"potentialAction\":[{\"@type\":\"ReadAction\",\"target\":[\"https:\/\/gimenezymataabogados.es\/politica-de-privacidad\/\"]}]},{\"@type\":\"BreadcrumbList\",\"@id\":\"https:\/\/gimenezymataabogados.es\/politica-de-privacidad\/#breadcrumb\",\"itemListElement\":[{\"@type\":\"ListItem\",\"position\":1,\"name\":\"Home\",\"item\":\"https:\/\/gimenezymataabogados.es\/\"},{\"@type\":\"ListItem\",\"position\":2,\"name\":\"Pol\u00edtica de Privacidad\"}]},{\"@type\":\"WebSite\",\"@id\":\"https:\/\/gimenezymataabogados.es\/#website\",\"url\":\"https:\/\/gimenezymataabogados.es\/\",\"name\":\"Gimenez y Mata Abogados\",\"description\":\"\",\"publisher\":{\"@id\":\"https:\/\/gimenezymataabogados.es\/#\/schema\/person\/20b2134e155d066dcd721e88581d4232\"},\"potentialAction\":[{\"@type\":\"SearchAction\",\"target\":{\"@type\":\"EntryPoint\",\"urlTemplate\":\"https:\/\/gimenezymataabogados.es\/?s={search_term_string}\"},\"query-input\":{\"@type\":\"PropertyValueSpecification\",\"valueRequired\":true,\"valueName\":\"search_term_string\"}}],\"inLanguage\":\"en-US\"},{\"@type\":[\"Person\",\"Organization\"],\"@id\":\"https:\/\/gimenezymataabogados.es\/#\/schema\/person\/20b2134e155d066dcd721e88581d4232\",\"name\":\"patricarollegal@gmail.com\",\"image\":{\"@type\":\"ImageObject\",\"inLanguage\":\"en-US\",\"@id\":\"https:\/\/gimenezymataabogados.es\/#\/schema\/person\/image\/\",\"url\":\"https:\/\/gimenezymataabogados.es\/wp-content\/uploads\/2024\/11\/igym.png\",\"contentUrl\":\"https:\/\/gimenezymataabogados.es\/wp-content\/uploads\/2024\/11\/igym.png\",\"width\":960,\"height\":722,\"caption\":\"patricarollegal@gmail.com\"},\"logo\":{\"@id\":\"https:\/\/gimenezymataabogados.es\/#\/schema\/person\/image\/\"},\"sameAs\":[\"https:\/\/gimenezymataabogados.es\"]}]}<\/script>\n<!-- \/ Yoast SEO plugin. -->","yoast_head_json":{"title":"Pol\u00edtica de Privacidad -","robots":{"index":"index","follow":"follow","max-snippet":"max-snippet:-1","max-image-preview":"max-image-preview:large","max-video-preview":"max-video-preview:-1"},"canonical":"https:\/\/gimenezymataabogados.es\/en\/politica-de-privacidad\/","og_locale":"en_US","og_type":"article","og_title":"Pol\u00edtica de Privacidad -","og_description":"Pol\u00edtica de privacidad Pol\u00edtica de Privacidad de Gim\u00e9nez y Mata Abogados Esta pol\u00edtica de privacidad fue actualizada por \u00faltima vez el 1 de mayo de 2023 y se aplica a los ciudadanos del Espacio Econ\u00f3mico Europeo (UE). En esta declaraci\u00f3n de privacidad, explicamos c\u00f3mo gestionamos los datos que obtenemos sobre usted a trav\u00e9s de https:\/\/gimenezymataabogados.es\/ [&hellip;]","og_url":"https:\/\/gimenezymataabogados.es\/en\/politica-de-privacidad\/","article_modified_time":"2024-11-26T10:15:14+00:00","twitter_card":"summary_large_image","twitter_misc":{"Est. reading time":"3 minutes"},"schema":{"@context":"https:\/\/schema.org","@graph":[{"@type":"WebPage","@id":"https:\/\/gimenezymataabogados.es\/politica-de-privacidad\/","url":"https:\/\/gimenezymataabogados.es\/politica-de-privacidad\/","name":"Pol\u00edtica de Privacidad -","isPartOf":{"@id":"https:\/\/gimenezymataabogados.es\/#website"},"datePublished":"2024-11-22T15:58:58+00:00","dateModified":"2024-11-26T10:15:14+00:00","breadcrumb":{"@id":"https:\/\/gimenezymataabogados.es\/politica-de-privacidad\/#breadcrumb"},"inLanguage":"en-US","potentialAction":[{"@type":"ReadAction","target":["https:\/\/gimenezymataabogados.es\/politica-de-privacidad\/"]}]},{"@type":"BreadcrumbList","@id":"https:\/\/gimenezymataabogados.es\/politica-de-privacidad\/#breadcrumb","itemListElement":[{"@type":"ListItem","position":1,"name":"Home","item":"https:\/\/gimenezymataabogados.es\/"},{"@type":"ListItem","position":2,"name":"Pol\u00edtica de Privacidad"}]},{"@type":"WebSite","@id":"https:\/\/gimenezymataabogados.es\/#website","url":"https:\/\/gimenezymataabogados.es\/","name":"Gimenez y Mata Abogados","description":"","publisher":{"@id":"https:\/\/gimenezymataabogados.es\/#\/schema\/person\/20b2134e155d066dcd721e88581d4232"},"potentialAction":[{"@type":"SearchAction","target":{"@type":"EntryPoint","urlTemplate":"https:\/\/gimenezymataabogados.es\/?s={search_term_string}"},"query-input":{"@type":"PropertyValueSpecification","valueRequired":true,"valueName":"search_term_string"}}],"inLanguage":"en-US"},{"@type":["Person","Organization"],"@id":"https:\/\/gimenezymataabogados.es\/#\/schema\/person\/20b2134e155d066dcd721e88581d4232","name":"patricarollegal@gmail.com","image":{"@type":"ImageObject","inLanguage":"en-US","@id":"https:\/\/gimenezymataabogados.es\/#\/schema\/person\/image\/","url":"https:\/\/gimenezymataabogados.es\/wp-content\/uploads\/2024\/11\/igym.png","contentUrl":"https:\/\/gimenezymataabogados.es\/wp-content\/uploads\/2024\/11\/igym.png","width":960,"height":722,"caption":"patricarollegal@gmail.com"},"logo":{"@id":"https:\/\/gimenezymataabogados.es\/#\/schema\/person\/image\/"},"sameAs":["https:\/\/gimenezymataabogados.es"]}]}},"_links":{"self":[{"href":"https:\/\/gimenezymataabogados.es\/en\/wp-json\/wp\/v2\/pages\/1742","targetHints":{"allow":["GET"]}}],"collection":[{"href":"https:\/\/gimenezymataabogados.es\/en\/wp-json\/wp\/v2\/pages"}],"about":[{"href":"https:\/\/gimenezymataabogados.es\/en\/wp-json\/wp\/v2\/types\/page"}],"author":[{"embeddable":true,"href":"https:\/\/gimenezymataabogados.es\/en\/wp-json\/wp\/v2\/users\/1"}],"replies":[{"embeddable":true,"href":"https:\/\/gimenezymataabogados.es\/en\/wp-json\/wp\/v2\/comments?post=1742"}],"version-history":[{"count":2,"href":"https:\/\/gimenezymataabogados.es\/en\/wp-json\/wp\/v2\/pages\/1742\/revisions"}],"predecessor-version":[{"id":1904,"href":"https:\/\/gimenezymataabogados.es\/en\/wp-json\/wp\/v2\/pages\/1742\/revisions\/1904"}],"wp:attachment":[{"href":"https:\/\/gimenezymataabogados.es\/en\/wp-json\/wp\/v2\/media?parent=1742"}],"curies":[{"name":"wp","href":"https:\/\/api.w.org\/{rel}","templated":true}]}}